{"id":11,"date":"2019-04-25T11:24:32","date_gmt":"2019-04-25T09:24:32","guid":{"rendered":"http:\/\/localhost\/mona\/?page_id=11"},"modified":"2019-05-26T23:31:48","modified_gmt":"2019-05-26T21:31:48","slug":"reiki","status":"publish","type":"page","link":"https:\/\/www.auer-abdel-kader.com\/?page_id=11","title":{"rendered":"Reiki"},"content":{"rendered":"\n<p>Fr\u00fchzeitig begann ich mich f\u00fcr das alte spirituelle Wissen, mit speziellem Bezug zur alt\u00e4gyptischen Philosophie zu interessieren. Als Teenager habe ich die Weisheiten von Konfuzius gesammelt, sp\u00e4ter habe ich die B\u00fccher von Richard Bach und Dale Carnegie verschlungen. Unter anderem Lesenswert finde ich die Hermetischen Gesetze und Informationen \u00fcber die Akasha Chronic.<\/p>\n\n\n\n<p>Die \u00e4gyptische Philosophie \u00fcberlebte den Untergang des Alt\u00e4gyptischen Reiches. Ihren Philosophie wurde von der j\u00fcdischen Kabalalehre und sp\u00e4ter von der griechischen Schule der Hermetiker (Verbindung des griechischen Gottes Hermes und des \u00e4gyptischen Gottes Thot ergibt Hermes Trismegistos: Gr\u00fcnder der hermetischen Gesetze)<\/p>\n\n\n\n<p>Mit etwa 30 habe ich Reiki kennengelernt, welches mich seither begleitet. Meine erste Einweihung war 1999, die zweite 2004. Danach habe ich einige Jahre mit Reiki gearbeitet und mir auch andere Techniken angeeignet. Ich habe f\u00fcr mich festgestellt, dass die neueren Techniken auf der alten Philosophie (siehe oben) beruhen.<\/p>\n\n\n\n<p>Nach einigen Jahren wollte ich mein K\u00f6nnen vervollst\u00e4ndigen und hatte die gro\u00dfartige M\u00f6glichkeit eine spezielle&nbsp; Einweihung zum Meister und Lehrer zu bekommen. An der Grenze zu Tag\/Nacht, an einem spirituellen Platz in den Bergen und im Meer. Ich behandle und trainiere ich mit gro\u00dfer Freude interessierte Menschen.<\/p>\n\n\n\n<p>______________________________________________________________<\/p>\n\n\n\n<p>From early age I was interested in old spiritual knowledge, with a special interest in ancient Egyptian philosophy*. In my teens I collected Confucius&#8217; lyrics, later I loved the books of Richard Bach (the Seagull, Illusions, et al) and Dale Carnegie. Recently I think the &#8220;Hermetic Laws&#8221;* and the ancient wisdom of the &#8220;Tabula Samaragdina&#8221;* are interesting to read.<\/p>\n\n\n\n<p>In my early\nthirties I was introduced to Reiki which accompanies me until today. My first\ngrade initiation was 1998, the second grade 2003. I worked for several years\nwith Reiki. While this time I additionally learned about and tested other\ntechniques.<\/p>\n\n\n\n<p>I gained\nmore knowledge and found that most of the &#8220;newer&#8221; techniques based on\nthe old philosophy. Finally about 6 years ago I felt myself ready to be Reiki\nMaster and teacher. I had the great opportunity to get the initiations at Crete\nin a very special way and from a very special teacher and friend: on the border\nof day and night, at a spiritual place in the mountains and in the sea.<\/p>\n\n\n\n<p><em>* The Egyptian Philosophy outlived the downfall of the ancient Egyptian ampire. Their philosophy was taken over by Jewish Kabala, later by the Greek school of &#8220;Hermetiker&#8221; (Hermes Trismegistos = merge of Greek God Hermes and the Egyptian God Toth \/ fooaunder of the &#8220;Hermetic law&#8221;).<\/em><\/p>\n","protected":false},"excerpt":{"rendered":"<p>Fr\u00fchzeitig begann ich mich f\u00fcr das alte spirituelle Wissen, mit speziellem Bezug zur alt\u00e4gyptischen Philosophie zu interessieren. Als Teenager habe ich die Weisheiten von Konfuzius gesammelt, sp\u00e4ter habe ich die B\u00fccher von Richard Bach und Dale Carnegie verschlungen. Unter anderem Lesenswert finde ich die Hermetischen Gesetze und Informationen \u00fcber die Akasha Chronic. Die \u00e4gyptische Philosophie [&hellip;]<\/p>\n","protected":false},"author":1,"featured_media":0,"parent":0,"menu_order":4,"comment_status":"closed","ping_status":"closed","template":"","meta":{"footnotes":""},"class_list":["post-11","page","type-page","status-publish","hentry"],"_links":{"self":[{"href":"https:\/\/www.auer-abdel-kader.com\/index.php?rest_route=\/wp\/v2\/pages\/11","targetHints":{"allow":["GET"]}}],"collection":[{"href":"https:\/\/www.auer-abdel-kader.com\/index.php?rest_route=\/wp\/v2\/pages"}],"about":[{"href":"https:\/\/www.auer-abdel-kader.com\/index.php?rest_route=\/wp\/v2\/types\/page"}],"author":[{"embeddable":true,"href":"https:\/\/www.auer-abdel-kader.com\/index.php?rest_route=\/wp\/v2\/users\/1"}],"replies":[{"embeddable":true,"href":"https:\/\/www.auer-abdel-kader.com\/index.php?rest_route=%2Fwp%2Fv2%2Fcomments&post=11"}],"version-history":[{"count":5,"href":"https:\/\/www.auer-abdel-kader.com\/index.php?rest_route=\/wp\/v2\/pages\/11\/revisions"}],"predecessor-version":[{"id":250,"href":"https:\/\/www.auer-abdel-kader.com\/index.php?rest_route=\/wp\/v2\/pages\/11\/revisions\/250"}],"wp:attachment":[{"href":"https:\/\/www.auer-abdel-kader.com\/index.php?rest_route=%2Fwp%2Fv2%2Fmedia&parent=11"}],"curies":[{"name":"wp","href":"https:\/\/api.w.org\/{rel}","templated":true}]}}