{"id":397,"date":"2025-03-10T11:05:43","date_gmt":"2025-03-10T10:05:43","guid":{"rendered":"https:\/\/www.auer-abdel-kader.com\/?page_id=397"},"modified":"2025-03-18T13:29:45","modified_gmt":"2025-03-18T12:29:45","slug":"ubersetzungen","status":"publish","type":"page","link":"https:\/\/www.auer-abdel-kader.com\/?page_id=397","title":{"rendered":"\u00dcbersetzungen"},"content":{"rendered":"\n<h2 class=\"wp-block-heading\"><strong>Meine Dienstleistungen umfassen:<\/strong><\/h2>\n\n\n\n<p>\u00dcbersetzungen aus verschiedenen Sprachen: Englisch (Originalsprache), Spanisch und Franz\u00f6sisch (teilweise KI basiert) ins Deutsche:&nbsp;<\/p>\n\n\n\n<p>Ich sorge daf\u00fcr, dass Ihre Botschaft klar und verst\u00e4ndlich ankommt. Egal ob es sich um Produktbeschreibungen, Marketingmaterial oder Dokumente handelt.<\/p>\n\n\n\n<p>Optimierung der KI-Technologie: Die fortschrittlichen KI-Tools versuchen Ihre Texte nicht nur korrekt, sondern auch stilistisch ansprechend zu formulieren. Ich korrigiere und verfeinere Ihre Inhalte, damit sie professionell und \u00fcberzeugend wirken.<\/p>\n\n\n\n<h2 class=\"wp-block-heading\"><strong>Professionelle \u00dcbersetzungen f\u00fcr die Cannabis-Industrie!&nbsp;<\/strong><\/h2>\n\n\n\n<p>Spezialisierung auf Cannabis-Texte: Ich bin seit 2021 in diesem Bereich f\u00fcr verschiedene Firmen t\u00e4tig und kenne die Branche und die spezifischen Anforderungen, die an Texte in diesem Bereich gestellt werden. Ich helfe Ihnen, Ihre Produkte und Dienstleistungen optimal zu pr\u00e4sentieren.<\/p>\n\n\n\n<p>Sie sind ein Unternehmen, das in der Cannabis-Branche, im Bereich E-Liquids, Extrakte, Gartenprodukte oder CBD\/THC t\u00e4tig ist und wissen, wie wichtig pr\u00e4zise und ansprechende Texte sind. Ich bin Ihr zuverl\u00e4ssiger Sprachdienstleister, spezialisiert auf die \u00dcbersetzung und Korrektur von Inhalten, die sich mit Cannabis und verwandten Produkten befassen.<\/p>\n\n\n\n<p>Vertrauen Sie auf meine Expertise, um Ihre Marke im Cannabis-Sektor hervorzuheben. Kontaktieren Sie mich f\u00fcr ein ma\u00dfgeschneidertes Angebot und lassen Sie mich Ihre Texte zum Bl\u00fchen bringen!&nbsp;<\/p>\n\n\n\n<p>Ihre Expertin f\u00fcr Cannabis, Cannabisprodukte!<\/p>\n\n\n\n<h2 class=\"wp-block-heading\"><strong>My services include:<\/strong><\/h2>\n\n\n\n<p>Translations from various languages: English (source language), Spanish and French (partly AI based) into German:<\/p>\n\n\n\n<p>I make sure that your message is clear and easy to understand. No matter whether it is a product description, marketing material or documents.<\/p>\n\n\n\n<p><em>Optimisation of AI technology:<\/em> The advanced AI tools not only correct your texts, but also formulate them in a stylistically appealing way. I correct and refine your content so that it appears professional and convincing.<\/p>\n\n\n\n<h2 class=\"wp-block-heading\"><strong>Professional translations for the cannabis industry!<\/strong><\/h2>\n\n\n\n<p><em>Specialising in cannabis texts<\/em>: I have been working in this field for various companies since 2021 and am familiar with the industry and the specific requirements for texts in this area. I will help you to present your products and services in the best possible way.<\/p>\n\n\n\n<p>You run a company in the cannabis industry, in the field of e-liquids, extracts, gardening products or CBD\/THC, and you know how important precise and appealing texts are. I am your reliable language service provider, specialised in translating and proofreading content related to cannabis and related products.<\/p>\n\n\n\n<p>Rely on my specialist expertise to make your brand outstanding in the cannabis sector. Contact me for a tailor-made offer and let me make your texts flourish!<\/p>\n\n\n\n<p>Your expert for Cannabis and Cannabis products!<\/p>\n","protected":false},"excerpt":{"rendered":"<p>Meine Dienstleistungen umfassen: \u00dcbersetzungen aus verschiedenen Sprachen: Englisch (Originalsprache), Spanisch und Franz\u00f6sisch (teilweise KI basiert) ins Deutsche:&nbsp; Ich sorge daf\u00fcr, dass Ihre Botschaft klar und verst\u00e4ndlich ankommt. Egal ob es sich um Produktbeschreibungen, Marketingmaterial oder Dokumente handelt. Optimierung der KI-Technologie: Die fortschrittlichen KI-Tools versuchen Ihre Texte nicht nur korrekt, sondern auch stilistisch ansprechend zu formulieren. [&hellip;]<\/p>\n","protected":false},"author":1,"featured_media":0,"parent":0,"menu_order":0,"comment_status":"closed","ping_status":"closed","template":"","meta":{"footnotes":""},"class_list":["post-397","page","type-page","status-publish","hentry"],"_links":{"self":[{"href":"https:\/\/www.auer-abdel-kader.com\/index.php?rest_route=\/wp\/v2\/pages\/397","targetHints":{"allow":["GET"]}}],"collection":[{"href":"https:\/\/www.auer-abdel-kader.com\/index.php?rest_route=\/wp\/v2\/pages"}],"about":[{"href":"https:\/\/www.auer-abdel-kader.com\/index.php?rest_route=\/wp\/v2\/types\/page"}],"author":[{"embeddable":true,"href":"https:\/\/www.auer-abdel-kader.com\/index.php?rest_route=\/wp\/v2\/users\/1"}],"replies":[{"embeddable":true,"href":"https:\/\/www.auer-abdel-kader.com\/index.php?rest_route=%2Fwp%2Fv2%2Fcomments&post=397"}],"version-history":[{"count":6,"href":"https:\/\/www.auer-abdel-kader.com\/index.php?rest_route=\/wp\/v2\/pages\/397\/revisions"}],"predecessor-version":[{"id":411,"href":"https:\/\/www.auer-abdel-kader.com\/index.php?rest_route=\/wp\/v2\/pages\/397\/revisions\/411"}],"wp:attachment":[{"href":"https:\/\/www.auer-abdel-kader.com\/index.php?rest_route=%2Fwp%2Fv2%2Fmedia&parent=397"}],"curies":[{"name":"wp","href":"https:\/\/api.w.org\/{rel}","templated":true}]}}