{"id":68,"date":"2019-04-25T19:31:27","date_gmt":"2019-04-25T17:31:27","guid":{"rendered":"http:\/\/schletz.org\/mona\/front-page\/"},"modified":"2024-05-30T05:23:02","modified_gmt":"2024-05-30T03:23:02","slug":"front-page","status":"publish","type":"page","link":"https:\/\/www.auer-abdel-kader.com\/","title":{"rendered":"\u00dcber mich"},"content":{"rendered":"\n<p>\u00c4gyptisch-\u00d6sterreichischer Abstammung; von klein auf durch Malerei, Architektur und Kreativit\u00e4t gepr\u00e4gt; die Anleitung durch den k\u00fcnstlerisch vielseitig begabten Gro\u00dfvater und Vater f\u00fchren zum im Alltag gelebten Jugendstilgedanken.<\/p>\n\n\n\n<p>Ausbildung in diversen Kursen und bei der akad. Malerin Berthild Zierl (Pr\u00e4sidentin der Berufsvereinigung der bildenden K\u00fcnstler \u00d6sterreichs, Landesverband Wien, N\u00d6, Bgld.); Kreative Kollaborationen mit internationalen Malern, Designern, Architekten und Fotografen.<\/p>\n\n\n\n<p>About me: Being of Egyptian and Austrian decent (growing up with Egyptian and Austrian parents); I have been shaoed by an open minded, tolerant and artistic environment with influences of architecture, paintint and creativity from a fairly early age. My family was influenced by the idea of living in the way of \u201cart noveau\u201d. I feel strongly connected to \u201cJugendstil\u201d (art noveau) and its credo. \u201cWhen people are surrounded by beautifully designed art, style, and living elements, as well as positive thoughts, they feel better.\u201d<\/p>\n\n\n\n<p><b>Mona Auer-Abdel-Kader<\/b><\/p>\n","protected":false},"excerpt":{"rendered":"<p>\u00c4gyptisch-\u00d6sterreichischer Abstammung; von klein auf durch Malerei, Architektur und Kreativit\u00e4t gepr\u00e4gt; die Anleitung durch den k\u00fcnstlerisch vielseitig begabten Gro\u00dfvater und Vater f\u00fchren zum im Alltag gelebten Jugendstilgedanken. Ausbildung in diversen Kursen und bei der akad. Malerin Berthild Zierl (Pr\u00e4sidentin der Berufsvereinigung der bildenden K\u00fcnstler \u00d6sterreichs, Landesverband Wien, N\u00d6, Bgld.); Kreative Kollaborationen mit internationalen Malern, Designern, [&hellip;]<\/p>\n","protected":false},"author":1,"featured_media":0,"parent":0,"menu_order":1,"comment_status":"closed","ping_status":"closed","template":"","meta":{"footnotes":""},"class_list":["post-68","page","type-page","status-publish","hentry"],"_links":{"self":[{"href":"https:\/\/www.auer-abdel-kader.com\/index.php?rest_route=\/wp\/v2\/pages\/68","targetHints":{"allow":["GET"]}}],"collection":[{"href":"https:\/\/www.auer-abdel-kader.com\/index.php?rest_route=\/wp\/v2\/pages"}],"about":[{"href":"https:\/\/www.auer-abdel-kader.com\/index.php?rest_route=\/wp\/v2\/types\/page"}],"author":[{"embeddable":true,"href":"https:\/\/www.auer-abdel-kader.com\/index.php?rest_route=\/wp\/v2\/users\/1"}],"replies":[{"embeddable":true,"href":"https:\/\/www.auer-abdel-kader.com\/index.php?rest_route=%2Fwp%2Fv2%2Fcomments&post=68"}],"version-history":[{"count":7,"href":"https:\/\/www.auer-abdel-kader.com\/index.php?rest_route=\/wp\/v2\/pages\/68\/revisions"}],"predecessor-version":[{"id":375,"href":"https:\/\/www.auer-abdel-kader.com\/index.php?rest_route=\/wp\/v2\/pages\/68\/revisions\/375"}],"wp:attachment":[{"href":"https:\/\/www.auer-abdel-kader.com\/index.php?rest_route=%2Fwp%2Fv2%2Fmedia&parent=68"}],"curies":[{"name":"wp","href":"https:\/\/api.w.org\/{rel}","templated":true}]}}